{"id":2015,"date":"2022-06-24T14:11:28","date_gmt":"2022-06-24T17:11:28","guid":{"rendered":"http:\/\/a3.com.ar\/web\/?page_id=2015"},"modified":"2025-06-18T09:57:43","modified_gmt":"2025-06-18T12:57:43","slug":"denuncia-anonima-compliance","status":"publish","type":"page","link":"https:\/\/a3.com.ar\/web\/denuncia-anonima-compliance\/","title":{"rendered":"Denuncia An\u00f3nima &#8211; Compliance"},"content":{"rendered":"<p>[vc_section section_style=\u00bbshape-1&#8243; css=\u00bb.vc_custom_1655264472768{padding-top: 160px !important;}\u00bb][vc_row equal_height=\u00bbyes\u00bb content_placement=\u00bbmiddle\u00bb css=\u00bb.vc_custom_1655266787098{margin-bottom: 35px !important;}\u00bb el_id=\u00bba3&#8243;][vc_column width=\u00bb1\/2&#8243;][vc_empty_space height=\u00bb45px\u00bb][vc_custom_heading text=\u00bbPrograma de prevenci\u00f3n<br \/>\ny pol\u00edtica anti-soborno\u00bb font_container=\u00bbtag:h2|font_size:43px|text_align:left|color:%23f58434|line_height:56px\u00bb use_theme_fonts=\u00bbyes\u00bb el_class=\u00bbtitulo-1&#8243;][vc_empty_space height=\u00bb30px\u00bb][\/vc_column][vc_column width=\u00bb1\/12&#8243;][\/vc_column][vc_column width=\u00bb1\/3&#8243;][vc_empty_space height=\u00bb45px\u00bb][vc_column_text]Nos comprometemos a implementar y mantener un programa de prevenci\u00f3n y pol\u00edtica anti-soborno que cumplan con las normativas de la materia, reafirmando nuestra lucha contra la corrupci\u00f3n.[\/vc_column_text][vc_empty_space height=\u00bb35px\u00bb][\/vc_column][vc_column width=\u00bb1\/12&#8243;][\/vc_column][\/vc_row][vc_row][vc_column][vc_wp_custommenu nav_menu=\u00bb71&#8243; el_class=\u00bbcolumns-5&#8243;][vc_empty_space height=\u00bb50px\u00bb][\/vc_column][\/vc_row][vc_row equal_height=\u00bbyes\u00bb css=\u00bb.vc_custom_1656091419231{margin-right: 15px !important;margin-left: 15px !important;}\u00bb][vc_column css=\u00bb.vc_custom_1656091297204{padding-right: 9% !important;padding-bottom: 30px !important;padding-left: 9% !important;}\u00bb offset=\u00bbvc_col-lg-6 vc_col-md-12&#8243;][vc_custom_heading text=\u00bbFormulario de denuncia\u00bb font_container=\u00bbtag:h2|font_size:33px|text_align:left|color:%23f58434|line_height:46px\u00bb use_theme_fonts=\u00bbyes\u00bb el_class=\u00bbtitulo-1&#8243;]\n<div class=\"wpcf7 no-js\" id=\"wpcf7-f2025-o1\" lang=\"es-ES\" dir=\"ltr\" data-wpcf7-id=\"2025\">\n<div class=\"screen-reader-response\"><p role=\"status\" aria-live=\"polite\" aria-atomic=\"true\"><\/p> <ul><\/ul><\/div>\n<form action=\"\/web\/wp-json\/wp\/v2\/pages\/2015#wpcf7-f2025-o1\" method=\"post\" class=\"wpcf7-form init\" aria-label=\"Formulario de contacto\" enctype=\"multipart\/form-data\" novalidate=\"novalidate\" data-status=\"init\">\n<div style=\"display: none;\">\n<input type=\"hidden\" name=\"_wpcf7\" value=\"2025\" \/>\n<input type=\"hidden\" name=\"_wpcf7_version\" value=\"6.0.6\" \/>\n<input type=\"hidden\" name=\"_wpcf7_locale\" value=\"es_ES\" \/>\n<input type=\"hidden\" name=\"_wpcf7_unit_tag\" value=\"wpcf7-f2025-o1\" \/>\n<input type=\"hidden\" name=\"_wpcf7_container_post\" value=\"0\" \/>\n<input type=\"hidden\" name=\"_wpcf7_posted_data_hash\" value=\"\" \/>\n<input type=\"hidden\" name=\"_wpcf7_recaptcha_response\" value=\"\" \/>\n<\/div>\n<div style=\"height: 30px\">\n<\/div>\n<div class=\"field\">\n\t<p><span class=\"wpcf7-form-control-wrap\" data-name=\"nombre\"><input size=\"40\" maxlength=\"400\" class=\"wpcf7-form-control wpcf7-text\" aria-invalid=\"false\" placeholder=\"Tu Nombre Completo\" value=\"\" type=\"text\" name=\"nombre\" \/><\/span>\n\t<\/p>\n<\/div>\n<div class=\"field grid\">\n\t<div class=\"field\">\n\t\t<p><span class=\"wpcf7-form-control-wrap\" data-name=\"email\"><input size=\"40\" maxlength=\"400\" class=\"wpcf7-form-control wpcf7-email wpcf7-validates-as-required wpcf7-text wpcf7-validates-as-email\" aria-required=\"true\" aria-invalid=\"false\" placeholder=\"Tu Email\" value=\"\" type=\"email\" name=\"email\" \/><\/span><br \/>\nSi no deseas dejar tu email completa con denuncias@a3.com.ar\n\t\t<\/p>\n\t<\/div>\n\t<div class=\"field\">\n\t\t<p><span class=\"wpcf7-form-control-wrap\" data-name=\"telefono\"><input size=\"40\" maxlength=\"400\" class=\"wpcf7-form-control wpcf7-tel wpcf7-text wpcf7-validates-as-tel\" aria-invalid=\"false\" placeholder=\"Tel\u00e9fono de Contacto\" value=\"\" type=\"tel\" name=\"telefono\" \/><\/span>\n\t\t<\/p>\n\t<\/div>\n<\/div>\n<div class=\"field line\">\n\t<p><label>Adjunt\u00e1 la documentaci\u00f3n que desees<\/label><br \/>\n<span class=\"wpcf7-form-control-wrap\" data-name=\"documentacion\"><input size=\"40\" class=\"wpcf7-form-control wpcf7-file\" accept=\"audio\/*,video\/*,image\/*\" aria-invalid=\"false\" type=\"file\" name=\"documentacion\" \/><\/span>\n\t<\/p>\n<\/div>\n<div class=\"field\">\n\t<p><span class=\"wpcf7-form-control-wrap\" data-name=\"denuncia\"><textarea cols=\"40\" rows=\"10\" maxlength=\"2000\" minlength=\"10\" class=\"wpcf7-form-control wpcf7-textarea\" aria-invalid=\"false\" placeholder=\"Detalle aqu\u00ed su denuncia\" name=\"denuncia\"><\/textarea><\/span>\n\t<\/p>\n<\/div>\n<div class=\"field grid\">\n\t<div class=\"field\">\n\t\t<p><input class=\"wpcf7-form-control wpcf7-submit has-spinner\" type=\"submit\" value=\"Enviar Denuncia\" \/>\n\t\t<\/p>\n\t<\/div>\n<\/div><div class=\"wpcf7-response-output\" aria-hidden=\"true\"><\/div>\n<\/form>\n<\/div>\n[vc_separator][vc_empty_space height=\u00bb20px\u00bb][vc_custom_heading text=\u00bbDenuncia v\u00eda email\u00bb font_container=\u00bbtag:h3|font_size:28px|text_align:left|color:%23f58434|line_height:40px\u00bb use_theme_fonts=\u00bbyes\u00bb el_class=\u00bbtitulo-1&#8243;][vc_empty_space height=\u00bb10px\u00bb][vc_column_text]Si lo desea puede enviarnos su denuncia por email escribi\u00e9ndonos a <a href=\"mailto:compliance@a3.com.ar\">compliance@a3.com.ar<\/a>[\/vc_column_text][\/vc_column][vc_column width=\u00bb1\/2&#8243; css=\u00bb.vc_custom_1656091425343{padding-top: 20px !important;background-position: center !important;background-repeat: no-repeat !important;background-size: cover !important;}\u00bb offset=\u00bbvc_hidden-md vc_hidden-sm vc_hidden-xs\u00bb][vc_column_text]Tolerancia cero contra el soborno y la corrupci\u00f3n: Cualquier intento o acto de soborno est\u00e1n completamente prohibidos. Si bien es imposible eliminar por completo todo riesgo de soborno, A3 Servicios Constructivos no tolerar\u00e1 la ocurrencia de sobornos y rechazar\u00e1 toda forma de corrupci\u00f3n, tanto directa como indirecta.<\/p>\n<p>Todos los miembros de A3 Servicios Constructivos deben cumplir con las leyes, reglamentos y normas antisoborno.<\/p>\n<p>A3 Servicios Constructivos promueve el planteamiento de inquietudes de buena fe ante hechos o conductas sospechosas de soborno. Asimismo, todos los empleados -cualquiera sea su jerarqu\u00eda-, tienen la obligaci\u00f3n de informar y\/o reportar cualquier violaci\u00f3n a la pol\u00edtica de anti-corrupci\u00f3n y soborno. Garantizando la confidencialidad de las consultas y denuncias, asi como la protecci\u00f3n de cualquier tipo de represalias.<\/p>\n<p>A3 Servicios Constructivos pone a disposici\u00f3n canales de denuncia, por email, tel\u00e9fono y p\u00e1gina web, para la recepci\u00f3n seguimiento y tratamiento de \u00abDenuncias de Soborno y Corrupci\u00f3n\u00bb. Cualquier otra denuncia que no aplicara, se remitir\u00e1 al \u00e1rea correspondiente.<\/p>\n<p>Los incumplimientos, luego de la investigaci\u00f3n correspondiente, resultar\u00e1n en sanciones, que pueden ir desde las advertencias hasta la desvinculaci\u00f3n, e incluso, podr\u00eda requerir que la empresa comunique y denuncie dicha violaci\u00f3n para su enjuiciamiento penal o acci\u00f3n civil.[\/vc_column_text][\/vc_column][\/vc_row][\/vc_section]<\/p>\n","protected":false},"excerpt":{"rendered":"<p>[vc_section section_style=\u00bbshape-1&#8243; css=\u00bb.vc_custom_1655264472768{padding-top: 160px !important;}\u00bb][vc_row equal_height=\u00bbyes\u00bb content_placement=\u00bbmiddle\u00bb css=\u00bb.vc_custom_1655266787098{margin-bottom: 35px !important;}\u00bb el_id=\u00bba3&#8243;][vc_column width=\u00bb1\/2&#8243;][vc_empty_space height=\u00bb45px\u00bb][vc_custom_heading text=\u00bbPrograma de prevenci\u00f3n y pol\u00edtica anti-soborno\u00bb font_container=\u00bbtag:h2|font_size:43px|text_align:left|color:%23f58434|line_height:56px\u00bb use_theme_fonts=\u00bbyes\u00bb el_class=\u00bbtitulo-1&#8243;][vc_empty_space height=\u00bb30px\u00bb][\/vc_column][vc_column width=\u00bb1\/12&#8243;][\/vc_column][vc_column width=\u00bb1\/3&#8243;][vc_empty_space height=\u00bb45px\u00bb][vc_column_text]Nos comprometemos a implementar y mantener un programa de prevenci\u00f3n y pol\u00edtica anti-soborno que cumplan con las normativas de la materia, reafirmando nuestra lucha contra la corrupci\u00f3n.[\/vc_column_text][vc_empty_space height=\u00bb35px\u00bb][\/vc_column][vc_column width=\u00bb1\/12&#8243;][\/vc_column][\/vc_row][vc_row][vc_column][vc_wp_custommenu nav_menu=\u00bb71&#8243; [&hellip;]<\/p>\n","protected":false},"author":2,"featured_media":0,"parent":0,"menu_order":0,"comment_status":"closed","ping_status":"closed","template":"tmpl\/template-fullwidth.php","meta":{"footnotes":""},"class_list":["post-2015","page","type-page","status-publish","hentry"],"acf":[],"_links":{"self":[{"href":"https:\/\/a3.com.ar\/web\/wp-json\/wp\/v2\/pages\/2015"}],"collection":[{"href":"https:\/\/a3.com.ar\/web\/wp-json\/wp\/v2\/pages"}],"about":[{"href":"https:\/\/a3.com.ar\/web\/wp-json\/wp\/v2\/types\/page"}],"author":[{"embeddable":true,"href":"https:\/\/a3.com.ar\/web\/wp-json\/wp\/v2\/users\/2"}],"replies":[{"embeddable":true,"href":"https:\/\/a3.com.ar\/web\/wp-json\/wp\/v2\/comments?post=2015"}],"version-history":[{"count":18,"href":"https:\/\/a3.com.ar\/web\/wp-json\/wp\/v2\/pages\/2015\/revisions"}],"predecessor-version":[{"id":2017,"href":"https:\/\/a3.com.ar\/web\/wp-json\/wp\/v2\/pages\/2015\/revisions\/2017"}],"wp:attachment":[{"href":"https:\/\/a3.com.ar\/web\/wp-json\/wp\/v2\/media?parent=2015"}],"curies":[{"name":"wp","href":"https:\/\/api.w.org\/{rel}","templated":true}]}}