{"id":1221,"date":"2022-06-13T14:25:07","date_gmt":"2022-06-13T17:25:07","guid":{"rendered":"http:\/\/a3.com.ar\/web\/?page_id=1221"},"modified":"2022-06-17T08:03:54","modified_gmt":"2022-06-17T11:03:54","slug":"contacto","status":"publish","type":"page","link":"https:\/\/a3.com.ar\/web\/contacto\/","title":{"rendered":"Contacto"},"content":{"rendered":"<p>[vc_section section_style=\u00bbshadow\u00bb css=\u00bb.vc_custom_1655263535766{margin-top: 0px !important;padding-top: 80px !important;padding-bottom: 80px !important;background-color: #f58434 !important;background-position: 0 0 !important;background-repeat: no-repeat !important;}\u00bb][vc_row equal_height=\u00bbyes\u00bb row_style=\u00bbshape-4&#8243; css=\u00bb.vc_custom_1655262996492{margin-right: 15px !important;margin-left: 15px !important;}\u00bb][vc_column css=\u00bb.vc_custom_1574391351816{padding-top: 50px !important;padding-right: 9% !important;padding-bottom: 30px !important;padding-left: 9% !important;background-color: #ffffff !important;}\u00bb offset=\u00bbvc_col-lg-6 vc_col-md-12&#8243;]\n<div class=\"wpcf7 no-js\" id=\"wpcf7-f1319-o1\" lang=\"es-ES\" dir=\"ltr\" data-wpcf7-id=\"1319\">\n<div class=\"screen-reader-response\"><p role=\"status\" aria-live=\"polite\" aria-atomic=\"true\"><\/p> <ul><\/ul><\/div>\n<form action=\"\/web\/wp-json\/wp\/v2\/pages\/1221#wpcf7-f1319-o1\" method=\"post\" class=\"wpcf7-form init\" aria-label=\"Formulario de contacto\" novalidate=\"novalidate\" data-status=\"init\">\n<div style=\"display: none;\">\n<input type=\"hidden\" name=\"_wpcf7\" value=\"1319\" \/>\n<input type=\"hidden\" name=\"_wpcf7_version\" value=\"6.0.6\" \/>\n<input type=\"hidden\" name=\"_wpcf7_locale\" value=\"es_ES\" \/>\n<input type=\"hidden\" name=\"_wpcf7_unit_tag\" value=\"wpcf7-f1319-o1\" \/>\n<input type=\"hidden\" name=\"_wpcf7_container_post\" value=\"0\" \/>\n<input type=\"hidden\" name=\"_wpcf7_posted_data_hash\" value=\"\" \/>\n<input type=\"hidden\" name=\"_wpcf7_recaptcha_response\" value=\"\" \/>\n<\/div>\n<div class=\"field line\">\n\t<p><label>Deseo<\/label><br \/>\n<span class=\"wpcf7-form-control-wrap\" data-name=\"deseo\"><select class=\"wpcf7-form-control wpcf7-select\" aria-invalid=\"false\" name=\"deseo\"><option value=\"Que me contacten por tel\u00e9fono\">Que me contacten por tel\u00e9fono<\/option><option value=\"Que me env\u00eden un WhatsApp\">Que me env\u00eden un WhatsApp<\/option><option value=\"Que me respondan por e-mail\">Que me respondan por e-mail<\/option><\/select><\/span>\n\t<\/p>\n<\/div>\n<div class=\"field line\">\n\t<p><label>Me interesa<\/label><br \/>\n<span class=\"wpcf7-form-control-wrap\" data-name=\"interesa\"><select class=\"wpcf7-form-control wpcf7-select\" aria-invalid=\"false\" name=\"interesa\"><option value=\"Seleccione Opci\u00f3n\">Seleccione Opci\u00f3n<\/option><option value=\"Obras civiles\">Obras civiles<\/option><option value=\"Movimiento de suelo\">Movimiento de suelo<\/option><option value=\"Perforaciones Diamantadas\">Perforaciones Diamantadas<\/option><option value=\"Detecci\u00f3n de ca\u00f1er\u00edas\">Detecci\u00f3n de ca\u00f1er\u00edas<\/option><\/select><\/span>\n\t<\/p>\n<\/div>\n<div style=\"height: 30px\">\n<\/div>\n<div class=\"field\">\n\t<p><span class=\"wpcf7-form-control-wrap\" data-name=\"nombre\"><input size=\"40\" maxlength=\"400\" class=\"wpcf7-form-control wpcf7-text wpcf7-validates-as-required\" aria-required=\"true\" aria-invalid=\"false\" placeholder=\"Tu Nombre Completo *\" value=\"\" type=\"text\" name=\"nombre\" \/><\/span>\n\t<\/p>\n<\/div>\n<div class=\"field grid\">\n\t<div class=\"field\">\n\t\t<p><span class=\"wpcf7-form-control-wrap\" data-name=\"email\"><input size=\"40\" maxlength=\"400\" class=\"wpcf7-form-control wpcf7-email wpcf7-validates-as-required wpcf7-text wpcf7-validates-as-email\" aria-required=\"true\" aria-invalid=\"false\" placeholder=\"Tu Email *\" value=\"\" type=\"email\" name=\"email\" \/><\/span>\n\t\t<\/p>\n\t<\/div>\n\t<div class=\"field\">\n\t\t<p><span class=\"wpcf7-form-control-wrap\" data-name=\"telefono\"><input size=\"40\" maxlength=\"400\" class=\"wpcf7-form-control wpcf7-tel wpcf7-validates-as-required wpcf7-text wpcf7-validates-as-tel\" aria-required=\"true\" aria-invalid=\"false\" placeholder=\"Tel\u00e9fono de Contacto *\" value=\"\" type=\"tel\" name=\"telefono\" \/><\/span>\n\t\t<\/p>\n\t<\/div>\n<\/div>\n<div class=\"field\">\n\t<p><span class=\"wpcf7-form-control-wrap\" data-name=\"consulta\"><textarea cols=\"40\" rows=\"10\" maxlength=\"2000\" class=\"wpcf7-form-control wpcf7-textarea wpcf7-validates-as-required\" aria-required=\"true\" aria-invalid=\"false\" placeholder=\"Detalle aqu\u00ed su consulta\" name=\"consulta\"><\/textarea><\/span>\n\t<\/p>\n<\/div>\n<div class=\"field grid\">\n\t<div class=\"field\">\n\t\t<p><input class=\"wpcf7-form-control wpcf7-submit has-spinner\" type=\"submit\" value=\"Enviar Consulta\" \/>\n\t\t<\/p>\n\t<\/div>\n<\/div><div class=\"wpcf7-response-output\" aria-hidden=\"true\"><\/div>\n<\/form>\n<\/div>\n[\/vc_column][vc_column width=\u00bb1\/2&#8243; css=\u00bb.vc_custom_1655262790106{background: #f2f2f2 url(http:\/\/a3.com.ar\/web\/wp-content\/uploads\/2022\/06\/img-contacto-3-1.jpg?id=1335) !important;background-position: center !important;background-repeat: no-repeat !important;background-size: cover !important;}\u00bb offset=\u00bbvc_hidden-md vc_hidden-sm vc_hidden-xs\u00bb][\/vc_column][\/vc_row][\/vc_section][vc_section css=\u00bb.vc_custom_1610476501557{padding-top: 50px !important;}\u00bb][vc_row equal_height=\u00bbyes\u00bb][vc_column width=\u00bb1\/3&#8243;]<div class=\"iconbox  style1 \">\n\t<div class=\"box-header\">\n\t\t<div class=\"box-icon\"><i class=\"hank-square-pin\"><\/i><\/div>\n\t\t<h3 class=\"box-title\">C\u00f3rdoba 972<\/h3>\n\t<\/div>\n\t<div class=\"box-content\">\n\t\t<p>Funes, Santa Fe<\/p>\n\n\t\t\n\t\t<p class=\"box-readmore\">\n\t\t\t<a href=\"#\">D\u00d3NDE ESTAMOS?<\/a>\n\t\t<\/p>\n\t<\/div>\n<\/div>[\/vc_column][vc_column width=\u00bb1\/3&#8243;]<div class=\"iconbox  style1 \">\n\t<div class=\"box-header\">\n\t\t<div class=\"box-icon\"><i class=\"hank-screen-rotation\"><\/i><\/div>\n\t\t<h3 class=\"box-title\">+54 9 341 2552385<\/h3>\n\t<\/div>\n\t<div class=\"box-content\">\n\t\t<p>Comun\u00edquese con nosotros<\/p>\n\n\t\t\n\t\t<p class=\"box-readmore\">\n\t\t\t<a href=\"https:\/\/api.whatsapp.com\/send?phone=543412552385&#038;text=Me%20interesa%20contactarlos%20por...\">COMUNICATE CON NOSOTROS<\/a>\n\t\t<\/p>\n\t<\/div>\n<\/div>[\/vc_column][vc_column width=\u00bb1\/3&#8243;]<div class=\"iconbox mail style1 \">\n\t<div class=\"box-header\">\n\t\t<div class=\"box-icon\"><i class=\"hank-b-meeting\"><\/i><\/div>\n\t\t<h3 class=\"box-title\">contacto@a3.com.ar<\/h3>\n\t<\/div>\n\t<div class=\"box-content\">\n\t\t<p>Escr\u00edbanos su consulta<\/p>\n\n\t\t\n\t\t<p class=\"box-readmore\">\n\t\t\t<a href=\"mailto:contacto@a3.com.ar\">ESCRIBINOS TUS CONSULTAS<\/a>\n\t\t<\/p>\n\t<\/div>\n<\/div>[\/vc_column][\/vc_row][vc_row content_placement=\u00bbmiddle\u00bb disable_element=\u00bbyes\u00bb css=\u00bb.vc_custom_1633355223279{padding-top: 70px !important;background-position: 0 0 !important;background-repeat: no-repeat !important;}\u00bb][vc_column][vc_custom_heading text=\u00bbTe invito a encontrar<br \/>\ntu pr\u00f3xima inversi\u00f3n\u00bb font_container=\u00bbtag:h2|font_size:60px|text_align:center|line_height:60px\u00bb use_theme_fonts=\u00bbyes\u00bb][vc_empty_space height=\u00bb15px\u00bb][vc_custom_heading text=\u00bbTe invito a tomar una cita, para despejar cualquier duda y acompa\u00f1arte en la compra<br \/>\nde cualquier activo inmobiliario; buscando, negociando y cerrando siempre la mejor opci\u00f3n.\u00bb font_container=\u00bbtag:p|font_size:21px|text_align:center|color:%237f7f7f|line_height:26px\u00bb use_theme_fonts=\u00bbyes\u00bb][vc_empty_space height=\u00bb50px\u00bb][\/vc_column][\/vc_row][\/vc_section][vc_section css=\u00bb.vc_custom_1633353057420{padding-top: 50px !important;}\u00bb el_id=\u00bbubicaci\u00f3n\u00bb][vc_row full_width=\u00bbstretch_row_content_no_spaces\u00bb][vc_column][vc_gmaps link=\u00bb#E-8_JTNDaWZyYW1lJTIwc3JjJTNEJTIyaHR0cHMlM0ElMkYlMkZ3d3cuZ29vZ2xlLmNvbSUyRm1hcHMlMkZlbWJlZCUzRnBiJTNEJTIxMW0xOCUyMTFtMTIlMjExbTMlMjExZDM5ODIuNzEzOTIzNjc2MTY4NiUyMTJkLTYwLjgwNDQ4NTU4ODczNTk4NiUyMTNkLTMyLjkyMzI4MDg1MTU2MjMyNSUyMTJtMyUyMTFmMCUyMTJmMCUyMTNmMCUyMTNtMiUyMTFpMTAyNCUyMTJpNzY4JTIxNGYxMy4xJTIxM20zJTIxMW0yJTIxMXMweDk1YjY0ZDYyNDNmYjcxYjclMjUzQTB4YzhiYjYwMTg4OGM2Njk2MSUyMTJzQTMlMjUyMFNlcnZpY2lvcyUyNTIwQ29uc3RydWN0aXZvcyUyNTIwU1JMJTIxNWUwJTIxM20yJTIxMXNlcy00MTklMjEyc2FyJTIxNHYxNjU1MjU3NjYzODQ2JTIxNW0yJTIxMXNlcy00MTklMjEyc2FyJTIyJTIwd2lkdGglM0QlMjI2MDAlMjIlMjBoZWlnaHQlM0QlMjI0NTAlMjIlMjBzdHlsZSUzRCUyMmJvcmRlciUzQTAlM0IlMjIlMjBhbGxvd2Z1bGxzY3JlZW4lM0QlMjIlMjIlMjBsb2FkaW5nJTNEJTIybGF6eSUyMiUyMHJlZmVycmVycG9saWN5JTNEJTIybm8tcmVmZXJyZXItd2hlbi1kb3duZ3JhZGUlMjIlM0UlM0MlMkZpZnJhbWUlM0U=\u00bb size=\u00bb500&#8243;][\/vc_column][\/vc_row][\/vc_section]<\/p>\n","protected":false},"excerpt":{"rendered":"<p>[vc_section section_style=\u00bbshadow\u00bb css=\u00bb.vc_custom_1655263535766{margin-top: 0px !important;padding-top: 80px !important;padding-bottom: 80px !important;background-color: #f58434 !important;background-position: 0 0 !important;background-repeat: no-repeat !important;}\u00bb][vc_row equal_height=\u00bbyes\u00bb row_style=\u00bbshape-4&#8243; css=\u00bb.vc_custom_1655262996492{margin-right: 15px !important;margin-left: 15px !important;}\u00bb][vc_column css=\u00bb.vc_custom_1574391351816{padding-top: 50px !important;padding-right: 9% !important;padding-bottom: 30px !important;padding-left: 9% !important;background-color: #ffffff !important;}\u00bb offset=\u00bbvc_col-lg-6 vc_col-md-12&#8243;][\/vc_column][vc_column width=\u00bb1\/2&#8243; css=\u00bb.vc_custom_1655262790106{background: #f2f2f2 url(http:\/\/a3.com.ar\/web\/wp-content\/uploads\/2022\/06\/img-contacto-3-1.jpg?id=1335) !important;background-position: center !important;background-repeat: no-repeat !important;background-size: cover !important;}\u00bb offset=\u00bbvc_hidden-md vc_hidden-sm vc_hidden-xs\u00bb][\/vc_column][\/vc_row][\/vc_section][vc_section css=\u00bb.vc_custom_1610476501557{padding-top: 50px !important;}\u00bb][vc_row equal_height=\u00bbyes\u00bb][vc_column width=\u00bb1\/3&#8243;][\/vc_column][vc_column [&hellip;]<\/p>\n","protected":false},"author":2,"featured_media":0,"parent":0,"menu_order":0,"comment_status":"closed","ping_status":"closed","template":"tmpl\/template-fullwidth.php","meta":{"footnotes":""},"class_list":["post-1221","page","type-page","status-publish","hentry"],"acf":[],"_links":{"self":[{"href":"https:\/\/a3.com.ar\/web\/wp-json\/wp\/v2\/pages\/1221"}],"collection":[{"href":"https:\/\/a3.com.ar\/web\/wp-json\/wp\/v2\/pages"}],"about":[{"href":"https:\/\/a3.com.ar\/web\/wp-json\/wp\/v2\/types\/page"}],"author":[{"embeddable":true,"href":"https:\/\/a3.com.ar\/web\/wp-json\/wp\/v2\/users\/2"}],"replies":[{"embeddable":true,"href":"https:\/\/a3.com.ar\/web\/wp-json\/wp\/v2\/comments?post=1221"}],"version-history":[{"count":21,"href":"https:\/\/a3.com.ar\/web\/wp-json\/wp\/v2\/pages\/1221\/revisions"}],"predecessor-version":[{"id":1765,"href":"https:\/\/a3.com.ar\/web\/wp-json\/wp\/v2\/pages\/1221\/revisions\/1765"}],"wp:attachment":[{"href":"https:\/\/a3.com.ar\/web\/wp-json\/wp\/v2\/media?parent=1221"}],"curies":[{"name":"wp","href":"https:\/\/api.w.org\/{rel}","templated":true}]}}