{"id":1217,"date":"2022-06-13T14:24:51","date_gmt":"2022-06-13T17:24:51","guid":{"rendered":"http:\/\/a3.com.ar\/web\/?page_id=1217"},"modified":"2025-09-25T07:50:36","modified_gmt":"2025-09-25T10:50:36","slug":"servicios","status":"publish","type":"page","link":"https:\/\/a3.com.ar\/web\/servicios\/","title":{"rendered":"Servicios"},"content":{"rendered":"<p>[vc_section section_style=\u00bbshape-1&#8243; css=\u00bb.vc_custom_1655323987693{padding-top: 160px !important;}\u00bb el_class=\u00bbbg-header\u00bb][vc_row equal_height=\u00bbyes\u00bb content_placement=\u00bbmiddle\u00bb css=\u00bb.vc_custom_1629129418784{margin-bottom: 35px !important;}\u00bb][vc_column width=\u00bb1\/2&#8243;][vc_empty_space height=\u00bb45px\u00bb][vc_custom_heading text=\u00bbIngenier\u00eda y construcci\u00f3n, que<br \/>\nbrinden seguridad y calidad de<br \/>\nterminaci\u00f3n\u00bb font_container=\u00bbtag:h2|font_size:43px|text_align:left|color:%23f58434|line_height:56px\u00bb use_theme_fonts=\u00bbyes\u00bb el_class=\u00bbtitulo-1&#8243;][vc_empty_space height=\u00bb30px\u00bb][\/vc_column][vc_column width=\u00bb1\/12&#8243;][\/vc_column][vc_column width=\u00bb1\/3&#8243;][vc_empty_space height=\u00bb45px\u00bb][vc_column_text]Nuestro principal objetivo es gestionar con compromiso, eficiencia y celeridad, servicios de ingenier\u00eda y construcci\u00f3n, que brinden SEGURIDAD y CALIDAD de terminaci\u00f3n.[\/vc_column_text][vc_empty_space height=\u00bb35px\u00bb][\/vc_column][vc_column width=\u00bb1\/12&#8243;][\/vc_column][\/vc_row][vc_row equal_height=\u00bbyes\u00bb el_class=\u00bbimg-servicios\u00bb][vc_column width=\u00bb1\/3&#8243; offset=\u00bbvc_hidden-sm vc_hidden-xs\u00bb][vc_single_image image=\u00bb1486&#8243; img_size=\u00bbfull\u00bb alignment=\u00bbcenter\u00bb][\/vc_column][vc_column width=\u00bb1\/3&#8243; offset=\u00bbvc_hidden-sm vc_hidden-xs\u00bb][vc_single_image image=\u00bb1482&#8243; img_size=\u00bbfull\u00bb alignment=\u00bbcenter\u00bb][\/vc_column][vc_column width=\u00bb1\/3&#8243; offset=\u00bbvc_hidden-sm vc_hidden-xs\u00bb][vc_single_image image=\u00bb1485&#8243; img_size=\u00bbfull\u00bb alignment=\u00bbcenter\u00bb][\/vc_column][\/vc_row][vc_row equal_height=\u00bbyes\u00bb][vc_column width=\u00bb1\/3&#8243;]<div class=\"iconbox  primary \">\n\t<div class=\"box-header\">\n\t\t<div class=\"box-icon\"><img decoding=\"async\" src=\"https:\/\/a3.com.ar\/web\/wp-content\/uploads\/2022\/06\/architect-1.png\" alt=\"Obras Civiles\" \/><\/div>\n\t\t<h4 class=\"box-title\">Obras Civiles<\/h4>\n\t<\/div>\n\t<div class=\"box-content\">\n\t\t<\/p>\n<ul class=\"list-style2\">\n<li>Dise\u00f1o y construcci\u00f3n de Estructuras de Hormig\u00f3n Armado, Premoldeadas y Estructuras Met\u00e1licas.<\/li>\n<li>Confecci\u00f3n y gerenciamiento de Proyectos Civiles aplicando conceptos y herramientas de \u00faltima generaci\u00f3n.<\/li>\n<li>Pavimentos y pisos especiales para la industria.<\/li>\n<li>Obras de Infraestructuras (gas; agua y sanitarias).<\/li>\n<li>Obras de Arquitectura.<\/li>\n<\/ul>\n<p>\n\n\t\t\n\t\t<p class=\"box-readmore\">\n\t\t\t<a href=\"http:\/\/a3.com.ar\/web\/obras\/obra-civil\/\">Ver Obras<\/a>\n\t\t<\/p>\n\t<\/div>\n<\/div>[\/vc_column][vc_column width=\u00bb1\/3&#8243;]<div class=\"iconbox  primary \">\n\t<div class=\"box-header\">\n\t\t<div class=\"box-icon\"><img decoding=\"async\" src=\"https:\/\/a3.com.ar\/web\/wp-content\/uploads\/2022\/06\/excavator-1.png\" alt=\"Movimiento de suelo\" \/><\/div>\n\t\t<h4 class=\"box-title\">Movimiento de suelo<\/h4>\n\t<\/div>\n\t<div class=\"box-content\">\n\t\t<\/p>\n<ul class=\"list-style2\">\n<li>Dise\u00f1o y Construcci\u00f3n de calles estabilizadas, de hormig\u00f3n y\/o de asfalto.<\/li>\n<li>Dise\u00f1o y construcci\u00f3n de rellenos sanitarios y lagunas de tratamientos de l\u00edquidos.<\/li>\n<li>Construcci\u00f3n y saneamiento de canales y arroyos.<\/li>\n<li>Alquiler de Equipos Viales.<\/li>\n<li>Obras de Bacheo<\/li>\n<\/ul>\n<p>\n\n\t\t\n\t\t<p class=\"box-readmore\">\n\t\t\t<a href=\"http:\/\/a3.com.ar\/web\/obras\/movimiento-de-suelo\/\">Ver Obras<\/a>\n\t\t<\/p>\n\t<\/div>\n<\/div>[\/vc_column][vc_column width=\u00bb1\/3&#8243;]<div class=\"iconbox  primary \">\n\t<div class=\"box-header\">\n\t\t<div class=\"box-icon\"><img decoding=\"async\" src=\"https:\/\/a3.com.ar\/web\/wp-content\/uploads\/2022\/06\/jackhammer-1.png\" alt=\"Perforaciones Diamantadas y Ejecuci\u00f3n Anclajes Qu\u00edmicos\" \/><\/div>\n\t\t<h4 class=\"box-title\">Perforaciones Diamantadas y Ejecuci\u00f3n Anclajes Qu\u00edmicos<\/h4>\n\t<\/div>\n\t<div class=\"box-content\">\n\t\t<\/p>\n<ul class=\"list-style2\">\n<li>Aplicaci\u00f3n de Anclajes Qu\u00edmicos y Mec\u00e1nicos.<\/li>\n<li>Demoliciones Controladas.<\/li>\n<li>Detecci\u00f3n de armaduras, ca\u00f1os corrugados, Tuber\u00edas, Cables El\u00e9ctricos y Maderas en estructuras.<\/li>\n<\/ul>\n<p>\n\n\t\t\n\t\t<p class=\"box-readmore\">\n\t\t\t<a href=\"http:\/\/a3.com.ar\/web\/obras\/perforaciones-diamantadas\/\">Ver Obras<\/a>\n\t\t<\/p>\n\t<\/div>\n<\/div>[\/vc_column][\/vc_row][\/vc_section][vc_section disable_element=\u00bbyes\u00bb bg_position=\u00bbright bottom\u00bb css=\u00bb.vc_custom_1656100378578{margin-bottom: 0px !important;padding-top: 60px !important;padding-bottom: 20px !important;background-image: url(http:\/\/a3.com.ar\/web\/wp-content\/uploads\/2022\/06\/about_bg.jpg?id=1454) !important;}\u00bb][vc_row][vc_column][vc_empty_space height=\u00bb50px\u00bb]<ul class=\"iconlist iconlist iconlist-icon-large columns-4\"><li ><div class=\"iconlist-item-icon\"><img decoding=\"async\" src=\"https:\/\/a3.com.ar\/web\/wp-content\/uploads\/2022\/06\/003-warning.png\" alt=\"003-warning\" \/><\/div><div class=\"iconlist-item-content\">\n<h3>Escuchamos<\/h3>\n<p><span style=\"color: #7f7f7f\">Las exigencias del cliente, sus necesidades, sus inquietudes, sus deseos\u2026 porque un buen servicio nace de la capacidad de entender lo que de verdad nos est\u00e1 pidiendo el cliente.<\/span><\/div><\/li><li ><div class=\"iconlist-item-icon\"><img decoding=\"async\" src=\"https:\/\/a3.com.ar\/web\/wp-content\/uploads\/2022\/06\/004-engineer.png\" alt=\"004-engineer\" \/><\/div><div class=\"iconlist-item-content\">\n<h3>Seleccionamos<\/h3>\n<p><span style=\"color: #7f7f7f\">Buscar, reconocer, filtrar y encontrar s\u00f3lo lo que realmente se ajusta a las necesidades del cliente, transformando en realidad sus deseos. Es una tarea dif\u00edcil y al mismo tiempo motivadora.<\/span><\/div><\/li><li ><div class=\"iconlist-item-icon\"><img decoding=\"async\" src=\"https:\/\/a3.com.ar\/web\/wp-content\/uploads\/2022\/06\/010-barrier.png\" alt=\"010-barrier\" \/><\/div><div class=\"iconlist-item-content\">\n<h3>Certificamos<\/h3>\n<p><span style=\"color: #7f7f7f\">La capacidad de preveer todos los posibles obst\u00e1culos, adelantando soluciones, es sin\u00f3nimo de tranquilidad en un servicio de ingenier\u00eda y construcci\u00f3n. El cliente tiene que estar seguro.<\/span><\/div><\/li><li ><div class=\"iconlist-item-icon\"><img decoding=\"async\" src=\"https:\/\/a3.com.ar\/web\/wp-content\/uploads\/2022\/06\/002-gloves.png\" alt=\"002-gloves\" \/><\/div><div class=\"iconlist-item-content\">\n<h3>Celebramos<\/h3>\n<p><span style=\"color: #7f7f7f\">Porque servicios de ingenier\u00eda y construcci\u00f3n gestionados profesionalmente, en todas sus fases, s\u00f3lo puede tener un resultado excelente. Nuestra felicidad de un trabajo bien realizado se acrecienta, con el agradecimiento de nuestros clientes.<\/span><\/div><\/li><\/ul>[\/vc_column][\/vc_row][\/vc_section]<\/p>\n","protected":false},"excerpt":{"rendered":"<p>[vc_section section_style=\u00bbshape-1&#8243; css=\u00bb.vc_custom_1655323987693{padding-top: 160px !important;}\u00bb el_class=\u00bbbg-header\u00bb][vc_row equal_height=\u00bbyes\u00bb content_placement=\u00bbmiddle\u00bb css=\u00bb.vc_custom_1629129418784{margin-bottom: 35px !important;}\u00bb][vc_column width=\u00bb1\/2&#8243;][vc_empty_space height=\u00bb45px\u00bb][vc_custom_heading text=\u00bbIngenier\u00eda y construcci\u00f3n, que brinden seguridad y calidad de terminaci\u00f3n\u00bb font_container=\u00bbtag:h2|font_size:43px|text_align:left|color:%23f58434|line_height:56px\u00bb use_theme_fonts=\u00bbyes\u00bb el_class=\u00bbtitulo-1&#8243;][vc_empty_space height=\u00bb30px\u00bb][\/vc_column][vc_column width=\u00bb1\/12&#8243;][\/vc_column][vc_column width=\u00bb1\/3&#8243;][vc_empty_space height=\u00bb45px\u00bb][vc_column_text]Nuestro principal objetivo es gestionar con compromiso, eficiencia y celeridad, servicios de ingenier\u00eda y construcci\u00f3n, que brinden SEGURIDAD y CALIDAD de terminaci\u00f3n.[\/vc_column_text][vc_empty_space height=\u00bb35px\u00bb][\/vc_column][vc_column width=\u00bb1\/12&#8243;][\/vc_column][\/vc_row][vc_row equal_height=\u00bbyes\u00bb el_class=\u00bbimg-servicios\u00bb][vc_column [&hellip;]<\/p>\n","protected":false},"author":2,"featured_media":0,"parent":0,"menu_order":0,"comment_status":"closed","ping_status":"closed","template":"tmpl\/template-fullwidth.php","meta":{"footnotes":""},"class_list":["post-1217","page","type-page","status-publish","hentry"],"acf":[],"_links":{"self":[{"href":"https:\/\/a3.com.ar\/web\/wp-json\/wp\/v2\/pages\/1217"}],"collection":[{"href":"https:\/\/a3.com.ar\/web\/wp-json\/wp\/v2\/pages"}],"about":[{"href":"https:\/\/a3.com.ar\/web\/wp-json\/wp\/v2\/types\/page"}],"author":[{"embeddable":true,"href":"https:\/\/a3.com.ar\/web\/wp-json\/wp\/v2\/users\/2"}],"replies":[{"embeddable":true,"href":"https:\/\/a3.com.ar\/web\/wp-json\/wp\/v2\/comments?post=1217"}],"version-history":[{"count":63,"href":"https:\/\/a3.com.ar\/web\/wp-json\/wp\/v2\/pages\/1217\/revisions"}],"predecessor-version":[{"id":2233,"href":"https:\/\/a3.com.ar\/web\/wp-json\/wp\/v2\/pages\/1217\/revisions\/2233"}],"wp:attachment":[{"href":"https:\/\/a3.com.ar\/web\/wp-json\/wp\/v2\/media?parent=1217"}],"curies":[{"name":"wp","href":"https:\/\/api.w.org\/{rel}","templated":true}]}}