{"id":1213,"date":"2022-06-13T14:23:52","date_gmt":"2022-06-13T17:23:52","guid":{"rendered":"http:\/\/a3.com.ar\/web\/?page_id=1213"},"modified":"2025-10-06T14:19:28","modified_gmt":"2025-10-06T17:19:28","slug":"empresa","status":"publish","type":"page","link":"https:\/\/a3.com.ar\/web\/empresa\/","title":{"rendered":"Empresa"},"content":{"rendered":"<p>[vc_section section_style=\u00bbshape-1&#8243; css=\u00bb.vc_custom_1655320970445{padding-top: 160px !important;}\u00bb el_class=\u00bbbg-header\u00bb][vc_row equal_height=\u00bbyes\u00bb content_placement=\u00bbmiddle\u00bb css=\u00bb.vc_custom_1655266787098{margin-bottom: 35px !important;}\u00bb el_id=\u00bba3&#8243;][vc_column width=\u00bb1\/2&#8243;][vc_empty_space height=\u00bb45px\u00bb][vc_custom_heading text=\u00bbEnfocados en brindar soluciones<br \/>\nintegrales de ingenier\u00eda y construcci\u00f3n\u00bb font_container=\u00bbtag:h2|font_size:43px|text_align:left|color:%23f58434|line_height:56px\u00bb use_theme_fonts=\u00bbyes\u00bb el_class=\u00bbtitulo-1&#8243;][vc_empty_space height=\u00bb30px\u00bb][\/vc_column][vc_column width=\u00bb1\/12&#8243;][\/vc_column][vc_column width=\u00bb1\/3&#8243;][vc_empty_space height=\u00bb45px\u00bb][vc_column_text]<strong>A3 Servicios Constructivos SRL<\/strong> es una empresa constructora de la ciudad de Rosario, certificada en <strong>ISO 9001<\/strong> desde el a\u00f1o 2020, <strong>ISO 45001<\/strong> e <strong>ISO 37001<\/strong>. Conformada por un equipo de profesionales comprometidos que contamos con m\u00e1s de <strong>20 a\u00f1os de experiencia<\/strong> en obras industriales en todo el pa\u00eds.[\/vc_column_text][vc_empty_space height=\u00bb35px\u00bb][\/vc_column][vc_column width=\u00bb1\/12&#8243;][\/vc_column][\/vc_row][vc_row][vc_column][vc_wp_custommenu nav_menu=\u00bb71&#8243; el_class=\u00bbcolumns-5&#8243;][vc_empty_space height=\u00bb50px\u00bb][\/vc_column][\/vc_row][vc_row row_style=\u00bbshape-4&#8243; css=\u00bb.vc_custom_1655312176729{margin-right: 5% !important;padding-top: 14% !important;padding-bottom: 14% !important;background-image: url(http:\/\/a3.com.ar\/web\/wp-content\/uploads\/2022\/06\/img-empresa-3-1.jpg?id=1363) !important;background-position: center !important;background-repeat: no-repeat !important;background-size: cover !important;}\u00bb][vc_column][\/vc_column][\/vc_row][\/vc_section][vc_section css=\u00bb.vc_custom_1655311252228{margin-top: 40px !important;padding-top: 60px !important;padding-bottom: 60px !important;background-image: url(http:\/\/a3.com.ar\/web\/wp-content\/uploads\/2022\/06\/pattern-bg.png?id=1404) !important;}\u00bb][vc_row gap=\u00bb20&#8243; equal_height=\u00bbyes\u00bb content_placement=\u00bbmiddle\u00bb css=\u00bb.vc_custom_1655311278534{background-position: 0 0 !important;background-repeat: no-repeat !important;}\u00bb][vc_column width=\u00bb1\/2&#8243;][vc_custom_heading text=\u00bbQuienes somos\u00bb font_container=\u00bbtag:h3|font_size:43px|text_align:left|color:%23f58434|line_height:56px\u00bb use_theme_fonts=\u00bbyes\u00bb el_class=\u00bbtitulo-1&#8243;][vc_empty_space height=\u00bb20px\u00bb][vc_column_text]Nuestra empresa se form\u00f3 en 2016 y ha tenido un alto crecimiento en los \u00faltimos a\u00f1os, impulsado principalmente por los resultados concretos que demostramos ante nuestros clientes en t\u00e9rminos de gesti\u00f3n de seguridad, calidad y cumplimiento de plazos.<\/p>\n<p>En <strong>A3 Servicios Constructivos SRL<\/strong>, estamos convencidos en apoyar nuestro crecimiento en:<\/p>\n<ul class=\"list-style2\">\n<li>Implementaci\u00f3n de las metodolog\u00edas de vanguardia propuestas por el PMI<\/li>\n<li>Uso de BIM como herramienta en el proceso de Dise\u00f1o, Control y Gesti\u00f3n de Obra<\/li>\n<li>Cumplimiento de la norma ISO 9001 para la gesti\u00f3n de calidad<\/li>\n<li>Cumplimiento de la norma ISO 45001 para la gesti\u00f3n de seguridad<\/li>\n<li>Adquisici\u00f3n de equipos viales y maquinas herramientas de primera l\u00ednea<\/li>\n<li>Uso de las \u00faltimas tecnolog\u00edas para las comunicaciones de la empresa<\/li>\n<\/ul>\n<p>De esta forma, hemos logrado desarrollar una empresa \u00e1gil y eficiente que est\u00e1 orientada a cumplir los altos requerimientos y est\u00e1ndares de nuestros clientes.[\/vc_column_text][vc_empty_space height=\u00bb30px\u00bb][vc_custom_heading text=\u00bbNuestras pol\u00edticas y c\u00f3digos\u00bb font_container=\u00bbtag:h3|font_size:43px|text_align:left|color:%23f58434|line_height:56px\u00bb use_theme_fonts=\u00bbyes\u00bb el_class=\u00bbtitulo-1&#8243; el_id=\u00bbpoliticas\u00bb][vc_empty_space height=\u00bb20px\u00bb][vc_column_text]<a class=\"button sm shadow white has-arrow\" style=\"display: inline-flex; float: left; margin-right: 30px; margin-bottom: 30px;\" href=\"http:\/\/a3.com.ar\/descargas\/Politica%20de%20Calidad%20A3%20-%20Rev.%2003.pdf\">Pol\u00edtica de Calidad (PDF)<\/a>[\/vc_column_text][vc_column_text]<a class=\"button sm shadow white has-arrow\" style=\"display: inline; float: left; margin-bottom: 30px;\" href=\"https:\/\/a3.com.ar\/descargas\/Politica%20de%20Seguridad%20y%20Salud%20de%20Trabajo%20de%20A3.pdf\">Pol\u00edtica de Seguridad y Salud en el Trabajo (PDF)<\/a>[\/vc_column_text][vc_column_text]<a class=\"button sm shadow white has-arrow\" style=\"display: inline-flex; float: left; margin-right: 30px; margin-bottom: 30px;\" href=\"http:\/\/a3.com.ar\/descargas\/Politica-Antisoborno.pdf\">Pol\u00edtica Antisoborno (PDF)<\/a>[\/vc_column_text][vc_column_text]<a class=\"button sm shadow white has-arrow\" style=\"display: inline; float: left;\" href=\"http:\/\/a3.com.ar\/descargas\/Codigo%20de%20Conducta.pdf\">C\u00f3digo de Conducta (PDF)<\/a>[\/vc_column_text][\/vc_column][vc_column width=\u00bb1\/4&#8243;][vc_single_image image=\u00bb1428&#8243; img_size=\u00bbfull\u00bb alignment=\u00bbcenter\u00bb el_class=\u00bbimagen-efecto\u00bb][\/vc_column][vc_column width=\u00bb1\/4&#8243;][vc_single_image image=\u00bb1429&#8243; img_size=\u00bbfull\u00bb alignment=\u00bbcenter\u00bb el_class=\u00bbimagen-efecto\u00bb][\/vc_column][\/vc_row][\/vc_section][vc_section el_id=\u00bborganigrama\u00bb][vc_row css=\u00bb.vc_custom_1656098306529{margin-top: 0px !important;padding-top: 95px !important;padding-bottom: 25px !important;background-image: url(http:\/\/a3.com.ar\/web\/wp-content\/uploads\/2022\/06\/cross_grid.png?id=1401) !important;background-position: 0 0 !important;background-repeat: no-repeat !important;}\u00bb][vc_column][\/vc_column][\/vc_row][vc_row css=\u00bb.vc_custom_1656098343502{padding-bottom: 30px !important;}\u00bb][vc_column][vc_single_image image=\u00bb2036&#8243; img_size=\u00bbfull\u00bb alignment=\u00bbcenter\u00bb][\/vc_column][\/vc_row][\/vc_section][vc_section el_id=\u00bbclientes\u00bb css=\u00bb.vc_custom_1655470897077{margin-top: 0px !important;padding-top: 0px !important;background-position: 0 0 !important;background-repeat: no-repeat !important;}\u00bb][vc_row bg_position=\u00bbleft bottom\u00bb bg_size=\u00bbauto 100%\u00bb css=\u00bb.vc_custom_1655470934200{margin-top: 0px !important;padding-top: 0px !important;padding-bottom: 60px !important;background-image: url(http:\/\/a3.com.ar\/web\/wp-content\/uploads\/2020\/02\/bg-7.jpg?id=680) !important;background-position: 0 0 !important;background-repeat: no-repeat !important;}\u00bb][vc_column][vc_text_separator title=\u00bbNuestros Clientes\u00bb title_align=\u00bbseparator_align_left\u00bb][vc_empty_space height=\u00bb40px\u00bb]<ul class=\"iconlist iconlist iconlist-icon-xlarge \"><li ><div class=\"iconlist-item-icon\"><img decoding=\"async\" src=\"https:\/\/a3.com.ar\/web\/wp-content\/uploads\/2022\/06\/logo-agd.png\" alt=\"logo-agd\" \/><\/div><div class=\"iconlist-item-content\"><\/div><\/li><li ><div class=\"iconlist-item-icon\"><img decoding=\"async\" src=\"https:\/\/a3.com.ar\/web\/wp-content\/uploads\/2022\/06\/logo-gerdau.png\" alt=\"logo-gerdau\" \/><\/div><div class=\"iconlist-item-content\"><\/div><\/li><li ><div class=\"iconlist-item-icon\"><img decoding=\"async\" src=\"https:\/\/a3.com.ar\/web\/wp-content\/uploads\/2022\/06\/logo-ldc.png\" alt=\"logo-ldc\" \/><\/div><div class=\"iconlist-item-content\"><\/div><\/li><li ><div class=\"iconlist-item-icon\"><img decoding=\"async\" src=\"https:\/\/a3.com.ar\/web\/wp-content\/uploads\/2022\/06\/logo-renova.png\" alt=\"logo-renova\" \/><\/div><div class=\"iconlist-item-content\"><\/div><\/li><li ><div class=\"iconlist-item-icon\"><img decoding=\"async\" src=\"https:\/\/a3.com.ar\/web\/wp-content\/uploads\/2022\/06\/logo-t6.png\" alt=\"logo-t6\" \/><\/div><div class=\"iconlist-item-content\"><\/div><\/li><li ><div class=\"iconlist-item-icon\"><img decoding=\"async\" src=\"https:\/\/a3.com.ar\/web\/wp-content\/uploads\/2022\/06\/logo-bunge.png\" alt=\"logo-bunge\" \/><\/div><div class=\"iconlist-item-content\"><\/div><\/li><\/ul><ul class=\"iconlist iconlist iconlist-icon-xlarge \"><li ><div class=\"iconlist-item-icon\"><img decoding=\"async\" src=\"https:\/\/a3.com.ar\/web\/wp-content\/uploads\/2022\/06\/logo-cargill.png\" alt=\"logo-cargill\" \/><\/div><div class=\"iconlist-item-content\"><\/div><\/li><li ><div class=\"iconlist-item-icon\"><img decoding=\"async\" src=\"https:\/\/a3.com.ar\/web\/wp-content\/uploads\/2022\/06\/logo-saintgobain-1.png\" alt=\"logo-saintgobain-1\" \/><\/div><div class=\"iconlist-item-content\"><\/div><\/li><li ><div class=\"iconlist-item-icon\"><img decoding=\"async\" src=\"https:\/\/a3.com.ar\/web\/wp-content\/uploads\/2022\/06\/logo-acindar.jpg\" alt=\"logo-acindar\" \/><\/div><div class=\"iconlist-item-content\"><\/div><\/li><li ><div class=\"iconlist-item-icon\"><img decoding=\"async\" src=\"https:\/\/a3.com.ar\/web\/wp-content\/uploads\/2022\/06\/logo-vacio.png\" alt=\"logo-vacio\" \/><\/div><div class=\"iconlist-item-content\"><\/div><\/li><li ><div class=\"iconlist-item-icon\"><img decoding=\"async\" src=\"https:\/\/a3.com.ar\/web\/wp-content\/uploads\/2022\/06\/logo-vacio.png\" alt=\"logo-vacio\" \/><\/div><div class=\"iconlist-item-content\"><\/div><\/li><li ><div class=\"iconlist-item-icon\"><img decoding=\"async\" src=\"https:\/\/a3.com.ar\/web\/wp-content\/uploads\/2022\/06\/logo-vacio.png\" alt=\"logo-vacio\" \/><\/div><div class=\"iconlist-item-content\"><\/div><\/li><\/ul>[\/vc_column][\/vc_row][\/vc_section]<\/p>\n","protected":false},"excerpt":{"rendered":"<p>[vc_section section_style=\u00bbshape-1&#8243; css=\u00bb.vc_custom_1655320970445{padding-top: 160px !important;}\u00bb el_class=\u00bbbg-header\u00bb][vc_row equal_height=\u00bbyes\u00bb content_placement=\u00bbmiddle\u00bb css=\u00bb.vc_custom_1655266787098{margin-bottom: 35px !important;}\u00bb el_id=\u00bba3&#8243;][vc_column width=\u00bb1\/2&#8243;][vc_empty_space height=\u00bb45px\u00bb][vc_custom_heading text=\u00bbEnfocados en brindar soluciones integrales de ingenier\u00eda y construcci\u00f3n\u00bb font_container=\u00bbtag:h2|font_size:43px|text_align:left|color:%23f58434|line_height:56px\u00bb use_theme_fonts=\u00bbyes\u00bb el_class=\u00bbtitulo-1&#8243;][vc_empty_space height=\u00bb30px\u00bb][\/vc_column][vc_column width=\u00bb1\/12&#8243;][\/vc_column][vc_column width=\u00bb1\/3&#8243;][vc_empty_space height=\u00bb45px\u00bb][vc_column_text]A3 Servicios Constructivos SRL es una empresa constructora de la ciudad de Rosario, certificada en ISO 9001 desde el a\u00f1o 2020, ISO 45001 e ISO 37001. [&hellip;]<\/p>\n","protected":false},"author":2,"featured_media":0,"parent":0,"menu_order":0,"comment_status":"closed","ping_status":"closed","template":"tmpl\/template-fullwidth.php","meta":{"footnotes":""},"class_list":["post-1213","page","type-page","status-publish","hentry"],"acf":[],"_links":{"self":[{"href":"https:\/\/a3.com.ar\/web\/wp-json\/wp\/v2\/pages\/1213"}],"collection":[{"href":"https:\/\/a3.com.ar\/web\/wp-json\/wp\/v2\/pages"}],"about":[{"href":"https:\/\/a3.com.ar\/web\/wp-json\/wp\/v2\/types\/page"}],"author":[{"embeddable":true,"href":"https:\/\/a3.com.ar\/web\/wp-json\/wp\/v2\/users\/2"}],"replies":[{"embeddable":true,"href":"https:\/\/a3.com.ar\/web\/wp-json\/wp\/v2\/comments?post=1213"}],"version-history":[{"count":111,"href":"https:\/\/a3.com.ar\/web\/wp-json\/wp\/v2\/pages\/1213\/revisions"}],"predecessor-version":[{"id":2239,"href":"https:\/\/a3.com.ar\/web\/wp-json\/wp\/v2\/pages\/1213\/revisions\/2239"}],"wp:attachment":[{"href":"https:\/\/a3.com.ar\/web\/wp-json\/wp\/v2\/media?parent=1213"}],"curies":[{"name":"wp","href":"https:\/\/api.w.org\/{rel}","templated":true}]}}